{"id":1658,"date":"2016-03-21T14:22:15","date_gmt":"2016-03-21T13:22:15","guid":{"rendered":"http:\/\/www.markterwirt.at\/kontakt\/inhaltsverzeichnis\/?lang=en"},"modified":"2017-06-26T12:47:24","modified_gmt":"2017-06-26T10:47:24","slug":"contents","status":"publish","type":"page","link":"https:\/\/www.markterwirt.at\/en\/kontakt\/contents\/","title":{"rendered":"Contents"},"content":{"rendered":"<div id=\"wp-realtime-sitemap-menu\"><h3>Menu<\/h3><ul><li id=\"menu-item-18\" class=\"menu-item menu-item-type-post_type menu-item-object-page menu-item-18\"><a href=\"https:\/\/www.markterwirt.at\/hotel-altenmarkt-pongau\/\">Home<\/a><\/li>\n<li id=\"menu-item-17\" class=\"menu-item menu-item-type-post_type menu-item-object-page menu-item-has-children menu-item-17\"><a href=\"https:\/\/www.markterwirt.at\/hotel-altenmarkt\/\">Hotel<\/a>\n<ul class=\"sub-menu\">\n\t<li id=\"menu-item-182\" class=\"menu-item menu-item-type-custom menu-item-object-custom menu-item-has-children menu-item-182\"><a href=\"https:\/\/www.markterwirt.at\/hotel-altenmarkt\/\">3 Sterne Hotel<\/a>\n\t<ul class=\"sub-menu\">\n\t\t<li id=\"menu-item-185\" class=\"menu-item menu-item-type-post_type menu-item-object-page menu-item-185\"><a href=\"https:\/\/www.markterwirt.at\/hotel-altenmarkt\/360-bilder\/\">Bilder<\/a><\/li>\n\t\t<li id=\"menu-item-189\" class=\"menu-item menu-item-type-post_type menu-item-object-page menu-item-189\"><a href=\"https:\/\/www.markterwirt.at\/hotel-altenmarkt\/gruppen-busreisen-salzburger-land\/\">Gruppen- &amp; Busreisen<\/a><\/li>\n\t\t<li id=\"menu-item-192\" class=\"menu-item menu-item-type-post_type menu-item-object-page menu-item-192\"><a href=\"https:\/\/www.markterwirt.at\/hotel-altenmarkt\/kulinarik-inclusives\/\">Kulinarik &#038; Inklusives<\/a><\/li>\n\t\t<li id=\"menu-item-197\" class=\"menu-item menu-item-type-post_type menu-item-object-page menu-item-197\"><a href=\"https:\/\/www.markterwirt.at\/hotel-altenmarkt\/tradition-gastgeber\/\">Tradition &amp; Gastgeber<\/a><\/li>\n\t<\/ul>\n<\/li>\n\t<li id=\"menu-item-183\" class=\"menu-item menu-item-type-custom menu-item-object-custom menu-item-has-children menu-item-183\"><a href=\"https:\/\/www.markterwirt.at\/hotel-altenmarkt\/zimmer-altenmarkt\/\">Wohnen<\/a>\n\t<ul class=\"sub-menu\">\n\t\t<li id=\"menu-item-187\" class=\"menu-item menu-item-type-post_type menu-item-object-page menu-item-187\"><a href=\"https:\/\/www.markterwirt.at\/hotel-altenmarkt\/buchungsinformationen\/\">Buchungsinformationen<\/a><\/li>\n\t\t<li id=\"menu-item-198\" class=\"menu-item menu-item-type-post_type menu-item-object-page menu-item-198\"><a href=\"https:\/\/www.markterwirt.at\/hotel-altenmarkt\/verfuegbarkeit\/\">Verf\u00fcgbarkeit<\/a><\/li>\n\t\t<li id=\"menu-item-200\" class=\"menu-item menu-item-type-post_type menu-item-object-page menu-item-200\"><a href=\"https:\/\/www.markterwirt.at\/hotel-altenmarkt\/zimmer-altenmarkt\/\">Zimmer &#038; Preise<\/a><\/li>\n\t\t<li id=\"menu-item-3275\" class=\"menu-item menu-item-type-post_type menu-item-object-page menu-item-3275\"><a href=\"https:\/\/www.markterwirt.at\/hotel-altenmarkt\/sommerpauschalen-altenmarkt-pongau\/\">Sommerpauschalen<\/a><\/li>\n\t<\/ul>\n<\/li>\n\t<li id=\"menu-item-184\" class=\"menu-item menu-item-type-custom menu-item-object-custom menu-item-has-children menu-item-184\"><a href=\"https:\/\/www.markterwirt.at\/hotel-altenmarkt\/preisrechner-buchung\/\">Service<\/a>\n\t<ul class=\"sub-menu\">\n\t\t<li id=\"menu-item-186\" class=\"menu-item menu-item-type-post_type menu-item-object-page menu-item-186\"><a href=\"https:\/\/www.markterwirt.at\/hotel-altenmarkt\/anfrage\/\">Anfrage<\/a><\/li>\n\t\t<li id=\"menu-item-194\" class=\"menu-item menu-item-type-post_type menu-item-object-page menu-item-194\"><a href=\"https:\/\/www.markterwirt.at\/hotel-altenmarkt\/preisrechner-buchung\/\">Buchung &#038; Preisrechner<\/a><\/li>\n\t\t<li id=\"menu-item-3193\" class=\"menu-item menu-item-type-post_type menu-item-object-page menu-item-3193\"><a href=\"https:\/\/www.markterwirt.at\/gutscheine\/\">Gutscheine<\/a><\/li>\n\t\t<li id=\"menu-item-3187\" class=\"menu-item menu-item-type-post_type menu-item-object-page menu-item-3187\"><a href=\"https:\/\/www.markterwirt.at\/hotel-altenmarkt-pongau\/offene-stellen\/\">Offene Stellen<\/a><\/li>\n\t\t<li id=\"menu-item-193\" class=\"menu-item menu-item-type-post_type menu-item-object-page menu-item-193\"><a href=\"https:\/\/www.markterwirt.at\/hotel-altenmarkt\/socialmedia\/\">Social Media Bereich<\/a><\/li>\n\t<\/ul>\n<\/li>\n<\/ul>\n<\/li>\n<li id=\"menu-item-16\" class=\"menu-item menu-item-type-post_type menu-item-object-page menu-item-has-children menu-item-16\"><a href=\"https:\/\/www.markterwirt.at\/gasthof-altenmarkt\/\">Gasthof<\/a>\n<ul class=\"sub-menu\">\n\t<li id=\"menu-item-179\" class=\"menu-item menu-item-type-custom menu-item-object-custom menu-item-has-children menu-item-179\"><a href=\"https:\/\/www.markterwirt.at\/gasthof-altenmarkt\/bieriges\/\">Alpenbierwirt<\/a>\n\t<ul class=\"sub-menu\">\n\t\t<li id=\"menu-item-174\" class=\"menu-item menu-item-type-post_type menu-item-object-page menu-item-174\"><a href=\"https:\/\/www.markterwirt.at\/gasthof-altenmarkt\/restaurant-altenmarkt-pongau\/\">Lokalit\u00e4ten<\/a><\/li>\n\t\t<li id=\"menu-item-175\" class=\"menu-item menu-item-type-post_type menu-item-object-page menu-item-175\"><a href=\"https:\/\/www.markterwirt.at\/gasthof-altenmarkt\/speisekarte\/\">Speisekarten<\/a><\/li>\n\t<\/ul>\n<\/li>\n\t<li id=\"menu-item-180\" class=\"menu-item menu-item-type-custom menu-item-object-custom menu-item-has-children menu-item-180\"><a href=\"https:\/\/www.markterwirt.at\/gasthof-altenmarkt\/restaurant-altenmarkt-pongau\/\">Specials<\/a>\n\t<ul class=\"sub-menu\">\n\t\t<li id=\"menu-item-171\" class=\"menu-item menu-item-type-post_type menu-item-object-page menu-item-171\"><a href=\"https:\/\/www.markterwirt.at\/gasthof-altenmarkt\/bieriges\/\">Bieriges<\/a><\/li>\n\t\t<li id=\"menu-item-172\" class=\"menu-item menu-item-type-post_type menu-item-object-page menu-item-172\"><a href=\"https:\/\/www.markterwirt.at\/gasthof-altenmarkt\/busgruppen-verpflegung\/\">Busgruppen<\/a><\/li>\n\t\t<li id=\"menu-item-173\" class=\"menu-item menu-item-type-post_type menu-item-object-page menu-item-173\"><a href=\"https:\/\/www.markterwirt.at\/gasthof-altenmarkt\/takeaway-altenmarkt-pongau\/\">Take Away<\/a><\/li>\n\t<\/ul>\n<\/li>\n\t<li id=\"menu-item-181\" class=\"menu-item menu-item-type-custom menu-item-object-custom menu-item-has-children menu-item-181\"><a href=\"https:\/\/www.markterwirt.at\/gasthof-altenmarkt\/restaurantgutscheine\/\">Hilfreiches<\/a>\n\t<ul class=\"sub-menu\">\n\t\t<li id=\"menu-item-170\" class=\"menu-item menu-item-type-post_type menu-item-object-page menu-item-170\"><a href=\"https:\/\/www.markterwirt.at\/gasthof-altenmarkt\/360-bilder-videos\/\">Bilder &amp; Videos<\/a><\/li>\n\t<\/ul>\n<\/li>\n<\/ul>\n<\/li>\n<li id=\"menu-item-15\" class=\"menu-item menu-item-type-post_type menu-item-object-page menu-item-has-children menu-item-15\"><a href=\"https:\/\/www.markterwirt.at\/altenmarkt-zauchensee\/\">Region<\/a>\n<ul class=\"sub-menu\">\n\t<li id=\"menu-item-168\" class=\"menu-item menu-item-type-custom menu-item-object-custom menu-item-has-children menu-item-168\"><a href=\"https:\/\/www.markterwirt.at\/altenmarkt-zauchensee\/sommerurlaub-altenmarkt-zauchensee\/\">Aktiv-Urlaub<\/a>\n\t<ul class=\"sub-menu\">\n\t\t<li id=\"menu-item-165\" class=\"menu-item menu-item-type-post_type menu-item-object-page menu-item-165\"><a href=\"https:\/\/www.markterwirt.at\/altenmarkt-zauchensee\/sommerurlaub-altenmarkt-zauchensee\/\">Sommergl\u00fcck<\/a><\/li>\n\t\t<li id=\"menu-item-164\" class=\"menu-item menu-item-type-post_type menu-item-object-page menu-item-164\"><a href=\"https:\/\/www.markterwirt.at\/altenmarkt-zauchensee\/fischerurlaub-salzburger-land\/\">Petri heil<\/a><\/li>\n\t\t<li id=\"menu-item-162\" class=\"menu-item menu-item-type-post_type menu-item-object-page menu-item-162\"><a href=\"https:\/\/www.markterwirt.at\/altenmarkt-zauchensee\/therme-amade\/\">Therme Amad\u00e9<\/a><\/li>\n\t\t<li id=\"menu-item-163\" class=\"menu-item menu-item-type-post_type menu-item-object-page menu-item-163\"><a href=\"https:\/\/www.markterwirt.at\/altenmarkt-zauchensee\/winterurlaub-altenmarkt-zauchensee\/\">Wintervergn\u00fcgen<\/a><\/li>\n\t<\/ul>\n<\/li>\n\t<li id=\"menu-item-169\" class=\"menu-item menu-item-type-custom menu-item-object-custom menu-item-has-children menu-item-169\"><a href=\"https:\/\/www.markterwirt.at\/altenmarkt-zauchensee\/ort-altenmarkt-zauchensee\/\">Region<\/a>\n\t<ul class=\"sub-menu\">\n\t\t<li id=\"menu-item-160\" class=\"menu-item menu-item-type-post_type menu-item-object-page menu-item-160\"><a href=\"https:\/\/www.markterwirt.at\/altenmarkt-zauchensee\/ausflugsziele\/\">Ausflugsziele<\/a><\/li>\n\t\t<li id=\"menu-item-161\" class=\"menu-item menu-item-type-post_type menu-item-object-page menu-item-161\"><a href=\"https:\/\/www.markterwirt.at\/altenmarkt-zauchensee\/ort-altenmarkt-zauchensee\/\">Ort Altenmarkt \u2013 Zauchensee<\/a><\/li>\n\t\t<li id=\"menu-item-158\" class=\"menu-item menu-item-type-post_type menu-item-object-page menu-item-158\"><a href=\"https:\/\/www.markterwirt.at\/altenmarkt-zauchensee\/wetter\/\">Wetter &amp; Webcams<\/a><\/li>\n\t\t<li id=\"menu-item-159\" class=\"menu-item menu-item-type-post_type menu-item-object-page menu-item-159\"><a href=\"https:\/\/www.markterwirt.at\/altenmarkt-zauchensee\/veranstaltungskalender\/\">Veranstaltungskalender<\/a><\/li>\n\t<\/ul>\n<\/li>\n<\/ul>\n<\/li>\n<li id=\"menu-item-14\" class=\"menu-item menu-item-type-post_type menu-item-object-page menu-item-has-children menu-item-14\"><a href=\"https:\/\/www.markterwirt.at\/kontakt\/\">Kontakt<\/a>\n<ul class=\"sub-menu\">\n\t<li id=\"menu-item-167\" class=\"menu-item menu-item-type-custom menu-item-object-custom menu-item-has-children menu-item-167\"><a href=\"https:\/\/www.markterwirt.at\/kontakt\/hotelgutscheine\/\">Information<\/a>\n\t<ul class=\"sub-menu\">\n\t\t<li id=\"menu-item-155\" class=\"menu-item menu-item-type-post_type menu-item-object-page menu-item-155\"><a href=\"https:\/\/www.markterwirt.at\/kontakt\/links-partner\/\">Links &amp; Partner<\/a><\/li>\n\t<\/ul>\n<\/li>\n\t<li id=\"menu-item-166\" class=\"menu-item menu-item-type-custom menu-item-object-custom menu-item-has-children menu-item-166\"><a href=\"https:\/\/www.markterwirt.at\/kontakt\/kontakt-anreise\/\">Urlaubsinfos<\/a>\n\t<ul class=\"sub-menu\">\n\t\t<li id=\"menu-item-156\" class=\"menu-item menu-item-type-post_type menu-item-object-page menu-item-156\"><a href=\"https:\/\/www.markterwirt.at\/kontakt\/kontakt-anreise\/\">Kontakt &amp; Anreise<\/a><\/li>\n\t\t<li id=\"menu-item-154\" class=\"menu-item menu-item-type-post_type menu-item-object-page menu-item-154\"><a href=\"https:\/\/www.markterwirt.at\/kontakt\/impressum\/\">Impressum<\/a><\/li>\n\t<\/ul>\n<\/li>\n<\/ul>\n<\/li>\n<\/ul><\/div>\n","protected":false},"excerpt":{"rendered":"MenuHome Hotel 3 Sterne Hotel Bilder Gruppen- &amp; Busreisen Kulinarik &#038; Inklusives Tradition &amp; Gastgeber Wohnen Buchungsinformationen Verf\u00fcgbarkeit Zimmer &#038; Preise Sommerpauschalen Service Anfrage Buchung &#038; Preisrechner Gutscheine Offene Stellen Social Media Bereich Gasthof Alpenbierwirt Lokalit\u00e4ten Speisekarten Specials Bieriges Busgruppen Take Away Hilfreiches Bilder &amp; Videos Region Aktiv-Urlaub Sommergl\u00fcck Petri heil Therme Amad\u00e9 Wintervergn\u00fcgen Region &hellip;\n<p><a class=\"readmore btn btn-default btn-default btn-block\" href=\"https:\/\/www.markterwirt.at\/en\/kontakt\/contents\/\">Read More<\/a><\/p>","protected":false},"author":1,"featured_media":0,"parent":1630,"menu_order":0,"comment_status":"closed","ping_status":"closed","template":"","meta":{"footnotes":""},"class_list":["post-1658","page","type-page","status-publish","hentry"],"_links":{"self":[{"href":"https:\/\/www.markterwirt.at\/en\/wp-json\/wp\/v2\/pages\/1658","targetHints":{"allow":["GET"]}}],"collection":[{"href":"https:\/\/www.markterwirt.at\/en\/wp-json\/wp\/v2\/pages"}],"about":[{"href":"https:\/\/www.markterwirt.at\/en\/wp-json\/wp\/v2\/types\/page"}],"author":[{"embeddable":true,"href":"https:\/\/www.markterwirt.at\/en\/wp-json\/wp\/v2\/users\/1"}],"replies":[{"embeddable":true,"href":"https:\/\/www.markterwirt.at\/en\/wp-json\/wp\/v2\/comments?post=1658"}],"version-history":[{"count":1,"href":"https:\/\/www.markterwirt.at\/en\/wp-json\/wp\/v2\/pages\/1658\/revisions"}],"predecessor-version":[{"id":1921,"href":"https:\/\/www.markterwirt.at\/en\/wp-json\/wp\/v2\/pages\/1658\/revisions\/1921"}],"up":[{"embeddable":true,"href":"https:\/\/www.markterwirt.at\/en\/wp-json\/wp\/v2\/pages\/1630"}],"wp:attachment":[{"href":"https:\/\/www.markterwirt.at\/en\/wp-json\/wp\/v2\/media?parent=1658"}],"curies":[{"name":"wp","href":"https:\/\/api.w.org\/{rel}","templated":true}]}}