{"id":1652,"date":"2016-03-16T16:41:22","date_gmt":"2016-03-16T15:41:22","guid":{"rendered":"http:\/\/www.markterwirt.at\/gasthof-altenmarkt\/restaurant-altenmarkt-pongau\/?lang=en"},"modified":"2020-01-17T20:12:46","modified_gmt":"2020-01-17T19:12:46","slug":"restaurant-altenmarkt-pongau","status":"publish","type":"page","link":"https:\/\/www.markterwirt.at\/en\/gasthof-altenmarkt\/restaurant-altenmarkt-pongau\/","title":{"rendered":"Localities"},"content":{"rendered":"<div class=\"wpb-content-wrapper\"><p>[vc_row][vc_column][vc_column_text]<\/p>\n<h1>Restaurants &amp; localities<\/h1>\n<h2>Gasthof &amp; Alpine Beer Pub in Altenmarkt in Pongau<\/h2>\n<p>[\/vc_column_text][\/vc_column][\/vc_row][vc_row][vc_column]<div id=\"ult-easy-separator-164759504769eff74fad3c4\" class=\"ult-easy-separator-wrapper ult-responsive ult-top-easy-separator  \" style=\"\" data-vc-row=\"wpb_row\"  data-ultimate-target='#ult-easy-separator-164759504769eff74fad3c4'  data-responsive-json-new='{\"width\":\"\"}' ><div class=\"ult-easy-separator-inner-wrapper\"><div class=\"ult-no-animation\" style=\"opacity:0;\"   ><img decoding=\"async\" class=\"ult-easy-separator-img\" alt=\"Trennlinie\" src=\"https:\/\/www.markterwirt.at\/wp-content\/uploads\/separator.png\" \/><\/div><\/div><\/div>[\/vc_column][\/vc_row][vc_row][vc_column width=&#8221;1\/4&#8243;][vc_single_image image=&#8221;880&#8243; img_size=&#8221;medium&#8221;][\/vc_column][vc_column width=&#8221;3\/4&#8243;][vc_column_text]New-found tradition in the <a href=\"https:\/\/www.markterwirt.at\/\">Alpine Beer Pub Markterwirt<\/a>! The regional roots, the personal style of the Schneider family and the structural conditions <strong>constitute a unique atmosphere in the Gasthof in Altenmarkt-Zauchensee<\/strong>. Our house, in the heart of Altenmarkt, is a <strong>typical tavern<\/strong>. For guests a place to get to know the country and its people and to experience warm hospitality. Savour <strong>regional specialities <\/strong> and <strong>international delicacies<\/strong>. Lovely, elegant dining areas and restaurant entice guests in to spend enjoyable hours here with us.[\/vc_column_text][\/vc_column][\/vc_row][vc_row full_width=&#8221;stretch_row_content_no_spaces&#8221; content_placement=&#8221;middle&#8221; el_class=&#8221;hintergrund-holz&#8221;][vc_column width=&#8221;1\/4&#8243; el_class=&#8221;bild-hintergrund&#8221;][vc_single_image image=&#8221;895&#8243; img_size=&#8221;550&#215;450&#8243; css=&#8221;.vc_custom_1458642554613{margin-bottom: 0px !important;}&#8221;][\/vc_column][vc_column width=&#8221;3\/4&#8243; el_class=&#8221;abstand-links-holz&#8221;][vc_column_text]<\/p>\n<h3>Our restaurants &amp; localities at a glance<\/h3>\n<p>[\/vc_column_text][vc_row_inner][vc_column_inner width=&#8221;1\/2&#8243;][vc_column_text]<\/p>\n<ul>\n<li>\u00c0 la carte restaurant &#8220;Gaststube&#8221; with &#8220;Alter Kuchl&#8221;<\/li>\n<li>Dining room seating up to 250 persons (also suitable for events)<\/li>\n<\/ul>\n<p>[\/vc_column_text][\/vc_column_inner][vc_column_inner width=&#8221;1\/2&#8243;][vc_column_text]<\/p>\n<ul>\n<li>Alpine Beer Pub with bar &amp; cosy outoor garden area<\/li>\n<li>Pizzeria &amp; bar &#8220;Gw\u00f6lbl&#8221; (only in winter)<\/li>\n<li>Historic wine cellar<\/li>\n<\/ul>\n<p>[\/vc_column_text][\/vc_column_inner][\/vc_row_inner][\/vc_column][\/vc_row][vc_row][vc_column][vc_tta_tabs][vc_tta_section title=&#8221;Gaststube&#8221; tab_id=&#8221;1458228324016-5decda70-a3a0&#8243;][vc_column_text]<\/p>\n<h5>\u00c0 la carte restaurant &#8220;Gaststube&#8221; with &#8220;Alter Kuchl&#8221;<\/h5>\n<p>[\/vc_column_text][vc_column_text]An example of upheld tradition and gemstone of our Gasthof &amp; Alpine Beer Pub is our <strong>&#8220;Gaststube&#8221;<\/strong>, by the way the <strong>oldest snug in the region<\/strong>. In the adjoining restaurant area <strong>&#8220;Alte Kuchl&#8221;<\/strong> (old kitchen) the fire crackles in the open fireplace.  The <strong>\u00e0 la carte restaurant in Altenmarkt<\/strong> offers<strong> special delicacies<\/strong> all year round, e.g. the game weeks in autumn attract gourmets from far and wide to the Markterwirt.[\/vc_column_text][vc_row_inner][vc_column_inner width=&#8221;1\/2&#8243;][vc_single_image image=&#8221;529&#8243; img_size=&#8221;medium&#8221;][\/vc_column_inner][vc_column_inner width=&#8221;1\/2&#8243;][vc_single_image image=&#8221;530&#8243; img_size=&#8221;medium&#8221;][\/vc_column_inner][\/vc_row_inner][vc_column_text]<\/p>\n<h4>Events for up to 60 persons<\/h4>\n<p>[\/vc_column_text][vc_column_text]The &#8220;Gaststube&#8221; also offers the perfect location for <strong>private parties and celebrations<\/strong> and can seat<strong> up to 60 persons. <\/strong> Savour our \u00e0 la carte joys of the palate and wines from our own wine cellar. The &#8220;Gaststube&#8221; is a non-smoking dining area. Smoking is still permitted in the &#8220;Alten Kuchl&#8221;.[\/vc_column_text][\/vc_tta_section][vc_tta_section title=&#8221;Dining room&#8221; tab_id=&#8221;1458228324136-7fda325b-d5e4&#8243;][vc_column_text]<\/p>\n<h5>Dining room at the Markterwirt<\/h5>\n<p>[\/vc_column_text][vc_column_text]In the<strong> Markterwirt dining room<\/strong> our \u00e0 la carte guests can select from our wide range of culinary delights. House guests too can set themselves up for an exciting day. Savour joys of the palate in a friendly atmosphere.[\/vc_column_text][vc_row_inner][vc_column_inner width=&#8221;1\/2&#8243;][vc_single_image image=&#8221;539&#8243; img_size=&#8221;medium&#8221;][\/vc_column_inner][vc_column_inner width=&#8221;1\/2&#8243;][vc_single_image image=&#8221;540&#8243; img_size=&#8221;medium&#8221;][\/vc_column_inner][\/vc_row_inner][vc_column_text]<\/p>\n<h4>Veranstaltungen mit bis zu 250 Personen<\/h4>\n<p>[\/vc_column_text][vc_column_text]Hochzeiten, Vortr\u00e4ge, Vereins- und Firmenfeiern,&#8230; &#8211; Der gro\u00dfz\u00fcgige Saal eignet sich bestens f\u00fcr private und berufliche <strong>Veranstaltungen mit bis zu 250 Personen<\/strong>. Die <strong>B\u00fchne<\/strong> und <strong>Tanzfl\u00e4che<\/strong> bieten gen\u00fcgend Platz f\u00fcr gesellige Abende voller Musik und K\u00f6stlichkeiten.[\/vc_column_text][\/vc_tta_section][vc_tta_section title=&#8221;Alpine Beer Pub&#8221; tab_id=&#8221;1458228357709-6a6cebec-3610&#8243;][vc_column_text]<\/p>\n<h5>Alpine Beer Pub  &amp; outdoor dining area in the centre of Altenmarkt<\/h5>\n<p>[\/vc_column_text][vc_column_text]There is a <strong>large, centrally-located outdoor dining area<\/strong> connected to the Alpine Beer Pub. On hot summer days the large chestnut trees provide natural shade, whilst you enjoy your food &amp; drink. From here you have <strong>direct view of the Market Square<\/strong> plus the Parish Church and you can experience the local events up close.<\/p>\n<p>&nbsp;<\/p>\n<p>As soon as the temperatures in spring allow, <strong>our outdoor dining area<\/strong> in <strong>Altenmarkt<\/strong> is open for guests. In the summer months our weekly <strong>barbecue evening<\/strong> is popular amongst guests and locals alike.[\/vc_column_text][vc_row_inner][vc_column_inner width=&#8221;1\/2&#8243;][vc_single_image image=&#8221;536&#8243; img_size=&#8221;medium&#8221;][\/vc_column_inner][vc_column_inner width=&#8221;1\/2&#8243;][vc_single_image image=&#8221;537&#8243; img_size=&#8221;medium&#8221;][\/vc_column_inner][\/vc_row_inner][\/vc_tta_section][vc_tta_section title=&#8221;Pizzeria&#8221; tab_id=&#8221;1458228477712-48d23f4a-2a3d&#8221;][vc_column_text]<\/p>\n<h5>Pizzeria &amp; Bar &#8220;Gw\u00f6lbl&#8221;<\/h5>\n<p>Open for guests in the winter months[\/vc_column_text][vc_row_inner][vc_column_inner width=&#8221;1\/4&#8243;][vc_single_image image=&#8221;473&#8243; img_size=&#8221;small&#8221;][\/vc_column_inner][vc_column_inner width=&#8221;3\/4&#8243;][vc_column_text]A whiff of &#8220;Bella Italia&#8221; in the cold season awaits guests in our <strong>Pizzeria in Altenmarkt in Pongau<\/strong>. The wide menu on offer ranges from <strong>freshly-made pizzas from the stone oven,<\/strong><strong> pizza wraps<\/strong> to more <strong>traditional dishes<\/strong>.[\/vc_column_text][\/vc_column_inner][\/vc_row_inner][vc_column_text]<\/p>\n<ul>\n<li><strong>Pizza-hotline<\/strong>: Order your takeaway pizzas: <a href=\"tel:+4364525420\">+43 6452 5420<\/a><\/li>\n<\/ul>\n<p>[\/vc_column_text][vc_row_inner][vc_column_inner width=&#8221;1\/2&#8243;][vc_single_image image=&#8221;576&#8243; img_size=&#8221;medium&#8221;][\/vc_column_inner][vc_column_inner width=&#8221;1\/2&#8243;][vc_single_image image=&#8221;575&#8243; img_size=&#8221;medium&#8221;][\/vc_column_inner][\/vc_row_inner][vc_column_text]<\/p>\n<h4>Hoteleigenes Pub &amp; Bar<\/h4>\n<p>[\/vc_column_text][vc_column_text]Das <strong>Pub im Markterwirt in Altenmarkt<\/strong> ist nach Feierabend ein angesagter Treffpunkt f\u00fcr Jung und Alt. Im gem\u00fctlichen Ambiente genie\u00dfen Sie zapffrisches Bier, ausgesuchte Weine und coole Drinks. Auch Hotelg\u00e4ste lassen gerne im Pub und an der Bar ihren Urlaubstag ausklingen. Wenn Sie der Hunger zwischendurch \u00fcberkommt, w\u00e4hlen Sie einfach aus der <strong>\u00c0 la Carte Karte<\/strong>. Ab 22.00 Uhr ist Rauchen in der Bar erlaubt.[\/vc_column_text][\/vc_tta_section][vc_tta_section title=&#8221;Wine cellar&#8221; tab_id=&#8221;1458292359977-342ea5ef-41e8&#8243;][vc_column_text]<\/p>\n<h5>Wine cellar with fine wines<\/h5>\n<p>[\/vc_column_text][vc_column_text]In our small, yet fine <strong>wine cellar<\/strong> at the <strong>Markterwirts<\/strong> we store top fine wines &#8211; whitea, reda and ros\u00e9s. Meet the owner here to chat and enjoy our wines. We are happy to organise <strong>small wine tastings<\/strong> (on request). You can of course enjoy all wines stored in our cellar, Austrian top wines or wines from all over the world, in our restaurant.[\/vc_column_text][vc_row_inner][vc_column_inner width=&#8221;1\/2&#8243;][vc_single_image image=&#8221;628&#8243; img_size=&#8221;medium&#8221;][\/vc_column_inner][vc_column_inner width=&#8221;1\/2&#8243;][vc_single_image image=&#8221;627&#8243; img_size=&#8221;medium&#8221;][\/vc_column_inner][\/vc_row_inner][\/vc_tta_section][\/vc_tta_tabs][\/vc_column][\/vc_row][vc_row][vc_column width=&#8221;1\/2&#8243;][vc_column_text]<span class=\"button-block\"><a href=\"https:\/\/www.markterwirt.at\/en\/gasthof-altenmarkt\/lunch-menu\/\">Menus<\/a><\/span>[\/vc_column_text][\/vc_column][vc_column width=&#8221;1\/2&#8243;][vc_column_text]<span class=\"button-block\"><a href=\"https:\/\/www.markterwirt.at\/en\/gasthof-altenmarkt\/beer-news\/\">Beer news<\/a><\/span>[\/vc_column_text][\/vc_column][\/vc_row][vc_row][vc_column]<div id=\"ult-easy-separator-250047848669eff74fad495\" class=\"ult-easy-separator-wrapper ult-responsive ult-top-easy-separator  \" style=\"\" data-vc-row=\"wpb_row\"  data-ultimate-target='#ult-easy-separator-250047848669eff74fad495'  data-responsive-json-new='{\"width\":\"\"}' ><div class=\"ult-easy-separator-inner-wrapper\"><div class=\"ult-no-animation\" style=\"opacity:0;\"   ><img decoding=\"async\" class=\"ult-easy-separator-img\" alt=\"Trennlinie\" src=\"https:\/\/www.markterwirt.at\/wp-content\/uploads\/separator.png\" \/><\/div><\/div><\/div>[\/vc_column][\/vc_row]<\/p>\n<\/div>","protected":false},"excerpt":{"rendered":"<p>[vc_row][vc_column][vc_column_text] Restaurants &amp; localities Gasthof &amp; Alpine Beer Pub in Altenmarkt in Pongau [\/vc_column_text][\/vc_column][\/vc_row][vc_row][vc_column][\/vc_column][\/vc_row][vc_row][vc_column width=&#8221;1\/4&#8243;][vc_single_image image=&#8221;880&#8243; img_size=&#8221;medium&#8221;][\/vc_column][vc_column width=&#8221;3\/4&#8243;][vc_column_text]New-found tradition in the Alpine Beer Pub Markterwirt! The regional roots, the personal style of the Schneider family and the structural conditions constitute a unique atmosphere in the Gasthof in Altenmarkt-Zauchensee. Our house, in the heart of Altenmarkt, &hellip;<\/p>\n\n<p><a class=\"readmore btn btn-default btn-default btn-block\" href=\"https:\/\/www.markterwirt.at\/en\/gasthof-altenmarkt\/restaurant-altenmarkt-pongau\/\">Read More<\/a><\/p>","protected":false},"author":1,"featured_media":0,"parent":1632,"menu_order":0,"comment_status":"closed","ping_status":"closed","template":"","meta":{"footnotes":""},"class_list":["post-1652","page","type-page","status-publish","hentry"],"_links":{"self":[{"href":"https:\/\/www.markterwirt.at\/en\/wp-json\/wp\/v2\/pages\/1652","targetHints":{"allow":["GET"]}}],"collection":[{"href":"https:\/\/www.markterwirt.at\/en\/wp-json\/wp\/v2\/pages"}],"about":[{"href":"https:\/\/www.markterwirt.at\/en\/wp-json\/wp\/v2\/types\/page"}],"author":[{"embeddable":true,"href":"https:\/\/www.markterwirt.at\/en\/wp-json\/wp\/v2\/users\/1"}],"replies":[{"embeddable":true,"href":"https:\/\/www.markterwirt.at\/en\/wp-json\/wp\/v2\/comments?post=1652"}],"version-history":[{"count":4,"href":"https:\/\/www.markterwirt.at\/en\/wp-json\/wp\/v2\/pages\/1652\/revisions"}],"predecessor-version":[{"id":2275,"href":"https:\/\/www.markterwirt.at\/en\/wp-json\/wp\/v2\/pages\/1652\/revisions\/2275"}],"up":[{"embeddable":true,"href":"https:\/\/www.markterwirt.at\/en\/wp-json\/wp\/v2\/pages\/1632"}],"wp:attachment":[{"href":"https:\/\/www.markterwirt.at\/en\/wp-json\/wp\/v2\/media?parent=1652"}],"curies":[{"name":"wp","href":"https:\/\/api.w.org\/{rel}","templated":true}]}}