{"id":1644,"date":"2016-03-16T16:32:38","date_gmt":"2016-03-16T15:32:38","guid":{"rendered":"http:\/\/www.markterwirt.at\/hotel-altenmarkt\/kulinarik-inclusives\/?lang=en"},"modified":"2017-06-26T07:30:04","modified_gmt":"2017-06-26T05:30:04","slug":"cuisine-inclusives","status":"publish","type":"page","link":"https:\/\/www.markterwirt.at\/en\/hotel-altenmarkt\/cuisine-inclusives\/","title":{"rendered":"Cuisine &amp; Inclusives"},"content":{"rendered":"<div class=\"wpb-content-wrapper\"><p>[vc_row][vc_column][vc_column_text]<\/p>\n<h1>Cuisine &amp; inclusives<\/h1>\n<h2>Inclusives at the Markterwirt, Altenmarkt-Zauchensee<\/h2>\n<p>[\/vc_column_text][\/vc_column][\/vc_row][vc_row][vc_column]<div id=\"ult-easy-separator-264922942569f3bb28cfb4f\" class=\"ult-easy-separator-wrapper ult-responsive ult-top-easy-separator  \" style=\"\" data-vc-row=\"wpb_row\"  data-ultimate-target='#ult-easy-separator-264922942569f3bb28cfb4f'  data-responsive-json-new='{\"width\":\"\"}' ><div class=\"ult-easy-separator-inner-wrapper\"><div class=\"ult-no-animation\" style=\"opacity:0;\"   ><img decoding=\"async\" class=\"ult-easy-separator-img\" alt=\"Trennlinie\" src=\"https:\/\/www.markterwirt.at\/wp-content\/uploads\/separator.png\" \/><\/div><\/div><\/div>[\/vc_column][\/vc_row][vc_row][vc_column][vc_column_text]Tempting moments of pleasure and first-class holiday service await you on your summer or winter holiday at the <a href=\"https:\/\/www.markterwirt.at\/\">3 star Hotel and Gasthof Markterwirt<\/a> in Altenmarkt. In our <a href=\"https:\/\/www.markterwirt.at\/gasthof-altenmarkt\/restaurant-altenmarkt-pongau\/\">\u00e0 la carte restaurant<\/a> we prepare fine menus according to your wishes. Our special holiday bonuses suche as the extensive hotel facilities, luggage service, baby equipment and internet all guarantee a hassle-free and comfortable<strong> holiday in Altenmarkt-Zauchensee, in Salzburger Land.<\/strong>[\/vc_column_text][\/vc_column][\/vc_row][vc_row full_width=&#8221;stretch_row&#8221; content_placement=&#8221;middle&#8221; el_class=&#8221;hintergrund&#8221; css=&#8221;.vc_custom_1470665096080{margin-bottom: 70px !important;}&#8221;][vc_column width=&#8221;1\/2&#8243;][vc_single_image image=&#8221;1480&#8243; img_size=&#8221;medium&#8221; onclick=&#8221;link_image&#8221;][\/vc_column][vc_column width=&#8221;1\/2&#8243;][vc_column_text]<\/p>\n<h3>Breakfast buffet at the Markterwirt<\/h3>\n<p>[\/vc_column_text][vc_column_text]During your stay at the Markterwirt we&#8217;ll spoil you every morning with an sumptuous breakfast buffet with organic corner and tea bar, getting your day of to a healthy start. In the evening you can of course enjoy our <a href=\"https:\/\/www.markterwirt.at\/gasthof-altenmarkt\/speisekarte\/\">\u00e0 la carte cuisine<\/a>. We often serve <a href=\"https:\/\/www.markterwirt.at\/altenmarkt-zauchensee\/fischerurlaub-salzburger-land\/\">fish caught<\/a> by our angling enthusiasts.[\/vc_column_text][\/vc_column][\/vc_row][vc_row][vc_column][vc_column_text]<\/p>\n<h4>Simply feel at home in our 3 star hotel<\/h4>\n<p>[\/vc_column_text][vc_tta_accordion active_section=&#8221;false&#8221; collapsible_all=&#8221;true&#8221;][vc_tta_section title=&#8221;Your holiday service&#8221; tab_id=&#8221;1458826343611-39195192-8090&#8243;][vc_row_inner][vc_column_inner width=&#8221;1\/4&#8243;][vc_single_image image=&#8221;1099&#8243; img_size=&#8221;small&#8221; onclick=&#8221;link_image&#8221;][\/vc_column_inner][vc_column_inner width=&#8221;3\/4&#8243;][vc_column_text css=&#8221;.vc_custom_1498454321628{margin-top: 30px !important;}&#8221;]<\/p>\n<h5>Room facilities<\/h5>\n<p>Our rooms are equipped with<strong> shower\/WC<\/strong> or <strong>bath\/WC, radio, cable-TV and telephone<\/strong>. We provide towels and bed linen free of charge.[\/vc_column_text][\/vc_column_inner][\/vc_row_inner][vc_separator][vc_row_inner][vc_column_inner width=&#8221;1\/4&#8243;][vc_single_image image=&#8221;1092&#8243; img_size=&#8221;small&#8221; onclick=&#8221;link_image&#8221;][\/vc_column_inner][vc_column_inner width=&#8221;3\/4&#8243;][vc_column_text css=&#8221;.vc_custom_1498453967344{margin-top: 15px !important;}&#8221;]<\/p>\n<h5>Parking<\/h5>\n<p>Park your car during your stay <strong>behind the hotel, between the hotel and <\/strong><strong>the bakery<\/strong> or on one of the<strong> free public parking spaces<\/strong> approx. <strong>250 m<\/strong> away from the hotel. Weekly tickets for the <strong>underground car park<\/strong> are available from the Gemeindeamt (Council Offices).[\/vc_column_text][\/vc_column_inner][\/vc_row_inner][vc_separator][vc_row_inner][vc_column_inner width=&#8221;1\/4&#8243;][vc_single_image image=&#8221;1336&#8243; img_size=&#8221;small&#8221; onclick=&#8221;link_image&#8221;][\/vc_column_inner][vc_column_inner width=&#8221;3\/4&#8243;][vc_column_text css=&#8221;.vc_custom_1498453771748{margin-top: 40px !important;}&#8221;]<\/p>\n<h5>Baby equipment<\/h5>\n<p>We&#8217;re happy to provide<strong> a cot free of charge.<\/strong>[\/vc_column_text][\/vc_column_inner][\/vc_row_inner][vc_separator][vc_row_inner][vc_column_inner width=&#8221;1\/4&#8243;][vc_single_image image=&#8221;1355&#8243; img_size=&#8221;small&#8221; onclick=&#8221;link_image&#8221;][\/vc_column_inner][vc_column_inner width=&#8221;3\/4&#8243;][vc_column_text css=&#8221;.vc_custom_1498453715041{margin-top: 15px !important;}&#8221;]<\/p>\n<h5>Internet via wi-fi<\/h5>\n<p>Free wi-fi is available throughout the whole hotel.[\/vc_column_text][\/vc_column_inner][\/vc_row_inner][vc_separator][vc_row_inner][vc_column_inner width=&#8221;1\/4&#8243;][vc_single_image image=&#8221;1096&#8243; img_size=&#8221;small&#8221; onclick=&#8221;link_image&#8221;][\/vc_column_inner][vc_column_inner width=&#8221;3\/4&#8243;][vc_column_text css=&#8221;.vc_custom_1498453673771{margin-top: 30px !important;}&#8221;]<\/p>\n<h5>Ski bus<\/h5>\n<p>There is a <strong>regular free ski bus<\/strong> service between Radstadt-Altenmarkt-Zauchensee and to Flachau. The bus stop for Radstadt-Altenmarkt-Zauchensee is <strong>right behind the hotel<\/strong>. The bus stop for Altenmarkt-Flachau-Flachauwinkel is just <strong>50 m<\/strong> away.[\/vc_column_text][\/vc_column_inner][\/vc_row_inner][vc_separator][vc_row_inner][vc_column_inner width=&#8221;1\/4&#8243;][vc_single_image image=&#8221;1335&#8243; img_size=&#8221;small&#8221;][\/vc_column_inner][vc_column_inner width=&#8221;3\/4&#8243;][vc_column_text css=&#8221;.vc_custom_1498453564502{margin-top: 30px !important;}&#8221;]<\/p>\n<h5>Salzburger Sportwelt Card<\/h5>\n<p>With this free card you receive a variety of special offers plus discounted admission to countless <a href=\"https:\/\/www.markterwirt.at\/altenmarkt-zauchensee\/ausflugsziele\/\">sights &amp; attractions<\/a> in the region.[\/vc_column_text][\/vc_column_inner][\/vc_row_inner][vc_separator][vc_row_inner][vc_column_inner width=&#8221;1\/4&#8243;][vc_single_image image=&#8221;261&#8243; img_size=&#8221;small&#8221;][\/vc_column_inner][vc_column_inner width=&#8221;3\/4&#8243;][vc_column_text css=&#8221;.vc_custom_1498453463315{margin-top: 15px !important;}&#8221;]<\/p>\n<h5>SalzburgerLand Card<\/h5>\n<p>190 sights and attractions in the whole of the Salzburger Land are waiting to be visited! With this card you receive freeand discounted admission to the most popular attractions.[\/vc_column_text][\/vc_column_inner][\/vc_row_inner][\/vc_tta_section][vc_tta_section title=&#8221;R\u00e4umlichkeiten im Hotel&#8221; tab_id=&#8221;1458726819331-6716bcce-7dd0&#8243;][vc_row_inner][vc_column_inner width=&#8221;1\/4&#8243;][vc_single_image image=&#8221;1087&#8243; img_size=&#8221;small&#8221; onclick=&#8221;link_image&#8221;][\/vc_column_inner][vc_column_inner width=&#8221;3\/4&#8243;][vc_column_text css=&#8221;.vc_custom_1458826136688{margin-top: 20px !important;}&#8221;]<\/p>\n<h5>Empfangshalle<\/h5>\n<p>Kommen Sie gem\u00fctlich im Urlaub an &#8211; der optimale Ort zum Verschnaufen nach Ihrer langen Reise ist die <strong>Empfangshalle mit urigem Kamin<\/strong>.[\/vc_column_text][\/vc_column_inner][\/vc_row_inner][vc_separator][vc_row_inner][vc_column_inner width=&#8221;1\/4&#8243;][vc_single_image image=&#8221;1093&#8243; img_size=&#8221;small&#8221; onclick=&#8221;link_image&#8221;][\/vc_column_inner][vc_column_inner width=&#8221;3\/4&#8243;][vc_column_text css=&#8221;.vc_custom_1459257995802{margin-top: 30px !important;}&#8221;]<\/p>\n<h5>Rezeption<\/h5>\n<p>Gerne beantworten wir Ihre Fragen oder helfen bei der <strong>Organisation<\/strong> des Urlaubes an der Hotelrezeption. Die \u00d6ffnungszeiten der Rezeption finden Sie vor Ort.[\/vc_column_text][\/vc_column_inner][\/vc_row_inner][vc_separator][vc_row_inner][vc_column_inner width=&#8221;1\/4&#8243;][vc_single_image image=&#8221;1086&#8243; img_size=&#8221;small&#8221; onclick=&#8221;link_image&#8221;][\/vc_column_inner][vc_column_inner width=&#8221;3\/4&#8243;][vc_column_text css=&#8221;.vc_custom_1458809778113{margin-top: 30px !important;}&#8221;]<\/p>\n<h5>Aufenthaltsraum<\/h5>\n<p>Verbringen Sie heitere Abende in unserem <strong>Aufenthaltsraum im 1. Stock<\/strong> mit Fernseher und lustigen Gesellschaftsspielen.[\/vc_column_text][\/vc_column_inner][\/vc_row_inner][vc_separator][vc_row_inner][vc_column_inner width=&#8221;1\/4&#8243;][vc_single_image image=&#8221;1094&#8243; img_size=&#8221;small&#8221; onclick=&#8221;link_image&#8221;][\/vc_column_inner][vc_column_inner width=&#8221;3\/4&#8243;][vc_column_text css=&#8221;.vc_custom_1458809789083{margin-top: 30px !important;}&#8221;]<\/p>\n<h5>Sauna<\/h5>\n<p>Gerne k\u00f6nnen Sie die hoteleigene Sauna <strong>gegen Voranmeldung<\/strong> nutzen (pro Familie kostenlos t\u00e4glich reservierbar).[\/vc_column_text][\/vc_column_inner][\/vc_row_inner][vc_separator][vc_row_inner][vc_column_inner width=&#8221;1\/4&#8243;][vc_single_image image=&#8221;1097&#8243; img_size=&#8221;small&#8221; onclick=&#8221;link_image&#8221;][\/vc_column_inner][vc_column_inner width=&#8221;3\/4&#8243;][vc_column_text css=&#8221;.vc_custom_1458809883664{margin-top: 30px !important;}&#8221;]<\/p>\n<h5>Skiraum<\/h5>\n<p>Stellen Sie Ihre Skier nach Ihrem erlebnisreichen Skitag bequem im Skiraum ab. Ihre Skischuhe k\u00f6nnen Sie am <strong>Skischuhw\u00e4rmer<\/strong> f\u00fcr den n\u00e4chsten Tag trocknen.[\/vc_column_text][\/vc_column_inner][\/vc_row_inner][vc_separator][vc_row_inner][vc_column_inner width=&#8221;1\/4&#8243;][vc_single_image image=&#8221;1098&#8243; img_size=&#8221;small&#8221; onclick=&#8221;link_image&#8221;][\/vc_column_inner][vc_column_inner width=&#8221;3\/4&#8243;][vc_column_text css=&#8221;.vc_custom_1470665357589{margin-top: 15px !important;}&#8221;]<\/p>\n<h5>Speisesaal<\/h5>\n<p>Wir bitten Sie, sich im Rahmen des Fr\u00fchst\u00fccks im hoteleigenen Speisesaal einzufinden. F\u00fcr den Imbiss zwischendurch empfehlen wir Ihnen einen Besuch unseres <a href=\"https:\/\/www.markterwirt.at\/gasthof-altenmarkt\/restaurant-altenmarkt-pongau\/\" target=\"_blank\">\u00c0 la carte Restaurants<\/a>.[\/vc_column_text][\/vc_column_inner][\/vc_row_inner][\/vc_tta_section][\/vc_tta_accordion][\/vc_column][\/vc_row][vc_row][vc_column width=&#8221;1\/3&#8243;][vc_column_text]<span class=\"button-block\"><a href=\"https:\/\/www.markterwirt.at\/en\/hotel-altenmarkt\/rooms-altenmarkt\/\">Rooms &amp; prices<\/a><\/span>[\/vc_column_text][\/vc_column][vc_column width=&#8221;1\/3&#8243;][vc_column_text]<span class=\"button-gold\"><a href=\"https:\/\/www.markterwirt.at\/en\/hotel-altenmarkt\/enquiry\/\">Enquiry<\/a><\/span>[\/vc_column_text][\/vc_column][vc_column width=&#8221;1\/3&#8243;][vc_column_text]<span class=\"button-block\"><a href=\"https:\/\/www.markterwirt.at\/en\/hotel-altenmarkt\/price-calculator-booking\/\">Price calculator &amp; booking<\/a><\/span>[\/vc_column_text][\/vc_column][\/vc_row][vc_row][vc_column]<div id=\"ult-easy-separator-426386929069f3bb28cfc34\" class=\"ult-easy-separator-wrapper ult-responsive ult-top-easy-separator  \" style=\"\" data-vc-row=\"wpb_row\"  data-ultimate-target='#ult-easy-separator-426386929069f3bb28cfc34'  data-responsive-json-new='{\"width\":\"\"}' ><div class=\"ult-easy-separator-inner-wrapper\"><div class=\"ult-no-animation\" style=\"opacity:0;\"   ><img decoding=\"async\" class=\"ult-easy-separator-img\" alt=\"Trennlinie\" src=\"https:\/\/www.markterwirt.at\/wp-content\/uploads\/separator.png\" \/><\/div><\/div><\/div>[\/vc_column][\/vc_row]<\/p>\n<\/div>","protected":false},"excerpt":{"rendered":"<p>[vc_row][vc_column][vc_column_text] Cuisine &amp; inclusives Inclusives at the Markterwirt, Altenmarkt-Zauchensee [\/vc_column_text][\/vc_column][\/vc_row][vc_row][vc_column][\/vc_column][\/vc_row][vc_row][vc_column][vc_column_text]Tempting moments of pleasure and first-class holiday service await you on your summer or winter holiday at the 3 star Hotel and Gasthof Markterwirt in Altenmarkt. In our \u00e0 la carte restaurant we prepare fine menus according to your wishes. Our special holiday bonuses suche as &hellip;<\/p>\n\n<p><a class=\"readmore btn btn-default btn-default btn-block\" href=\"https:\/\/www.markterwirt.at\/en\/hotel-altenmarkt\/cuisine-inclusives\/\">Read More<\/a><\/p>","protected":false},"author":1,"featured_media":0,"parent":1633,"menu_order":2,"comment_status":"closed","ping_status":"closed","template":"","meta":{"footnotes":""},"class_list":["post-1644","page","type-page","status-publish","hentry"],"_links":{"self":[{"href":"https:\/\/www.markterwirt.at\/en\/wp-json\/wp\/v2\/pages\/1644","targetHints":{"allow":["GET"]}}],"collection":[{"href":"https:\/\/www.markterwirt.at\/en\/wp-json\/wp\/v2\/pages"}],"about":[{"href":"https:\/\/www.markterwirt.at\/en\/wp-json\/wp\/v2\/types\/page"}],"author":[{"embeddable":true,"href":"https:\/\/www.markterwirt.at\/en\/wp-json\/wp\/v2\/users\/1"}],"replies":[{"embeddable":true,"href":"https:\/\/www.markterwirt.at\/en\/wp-json\/wp\/v2\/comments?post=1644"}],"version-history":[{"count":5,"href":"https:\/\/www.markterwirt.at\/en\/wp-json\/wp\/v2\/pages\/1644\/revisions"}],"predecessor-version":[{"id":1916,"href":"https:\/\/www.markterwirt.at\/en\/wp-json\/wp\/v2\/pages\/1644\/revisions\/1916"}],"up":[{"embeddable":true,"href":"https:\/\/www.markterwirt.at\/en\/wp-json\/wp\/v2\/pages\/1633"}],"wp:attachment":[{"href":"https:\/\/www.markterwirt.at\/en\/wp-json\/wp\/v2\/media?parent=1644"}],"curies":[{"name":"wp","href":"https:\/\/api.w.org\/{rel}","templated":true}]}}