{"id":1642,"date":"2016-03-16T16:33:12","date_gmt":"2016-03-16T15:33:12","guid":{"rendered":"http:\/\/www.markterwirt.at\/hotel-altenmarkt\/360-bilder\/?lang=en"},"modified":"2017-07-05T08:37:53","modified_gmt":"2017-07-05T06:37:53","slug":"360-images","status":"publish","type":"page","link":"https:\/\/www.markterwirt.at\/en\/hotel-altenmarkt\/360-images\/","title":{"rendered":"Images"},"content":{"rendered":"<div class=\"wpb-content-wrapper\"><p>[vc_row][vc_column][vc_column_text]<\/p>\n<h1>Impressions &amp; images<\/h1>\n<h2>3 star Hotel &amp; Gasthof Markterwirt<\/h2>\n<p>[\/vc_column_text][\/vc_column][\/vc_row][vc_row][vc_column]<div id=\"ult-easy-separator-255937092269f00cf4b1a28\" class=\"ult-easy-separator-wrapper ult-responsive ult-top-easy-separator  \" style=\"\" data-vc-row=\"wpb_row\"  data-ultimate-target='#ult-easy-separator-255937092269f00cf4b1a28'  data-responsive-json-new='{\"width\":\"\"}' ><div class=\"ult-easy-separator-inner-wrapper\"><div class=\"ult-no-animation\" style=\"opacity:0;\"   ><img decoding=\"async\" class=\"ult-easy-separator-img\" alt=\"Trennlinie\" src=\"https:\/\/www.markterwirt.at\/wp-content\/uploads\/separator.png\" \/><\/div><\/div><\/div>[\/vc_column][\/vc_row][vc_row][vc_column]<div class=\"templatera_shortcode\"><div class=\"vc_row wpb_row vc_row-fluid\"><div class=\"wpb_column vc_column_container vc_col-sm-12\"><div class=\"vc_column-inner\"><div class=\"wpb_wrapper\">\n\t<div class=\"wpb_text_column wpb_content_element\" >\n\t\t<div class=\"wpb_wrapper\">\n\t\t\t<div id=\"jig1\" class=\"justified-image-grid jig-5df2f9a86a8977d81490191005fc35ba jig-preset-global jig-source-wp-gallery\"><div class=\"jig-clearfix\"><\/div><noscript id=\"jig1-html\" class=\"justified-image-grid-html\" data-lazy-src=\"skiplazyload\" data-src=\"skipunveillazyload\"><ul><li><a href=\"https:\/\/www.markterwirt.at\/wp-content\/uploads\/restaurant-altenmarkt-weinkeller-1-1024x683.jpg\"><img decoding=\"async\" src=\"https:\/\/www.markterwirt.at\/wp-content\/plugins\/justified-image-grid\/timthumb.php?src=https%3A%2F%2Fwww.markterwirt.at%2Fwp-content%2Fuploads%2Frestaurant-altenmarkt-weinkeller-1-1024x683.jpg&amp;h=290&amp;q=90&amp;f=.jpg\" alt=\"Weinkeller in Altemarkt, Gw\u00f6lbl\" width=\"434\" height=\"290\" \/><\/a><p class=\"jig-HTMLdescription\">Weinkeller in Altemarkt, Gw\u00f6lbl<\/p><\/li><li><a href=\"https:\/\/www.markterwirt.at\/wp-content\/uploads\/hotel-markterwirt-veranstaltungssaal-altenmarkt-1-1024x482.jpg\"><img decoding=\"async\" src=\"https:\/\/www.markterwirt.at\/wp-content\/plugins\/justified-image-grid\/timthumb.php?src=https%3A%2F%2Fwww.markterwirt.at%2Fwp-content%2Fuploads%2Fhotel-markterwirt-veranstaltungssaal-altenmarkt-1-1024x482.jpg&amp;h=290&amp;q=90&amp;f=.jpg\" alt=\"Gasthaus, Alpenbierwirt Markterwirt in Altenmarkt\" width=\"616\" height=\"290\" \/><\/a><p class=\"jig-HTMLdescription\">Gasthaus, Alpenbierwirt Markterwirt in Altenmarkt<\/p><\/li><li><a href=\"https:\/\/www.markterwirt.at\/wp-content\/uploads\/restaurant-altenmarkt-weinkeller-2-1024x683.jpg\"><img decoding=\"async\" src=\"https:\/\/www.markterwirt.at\/wp-content\/plugins\/justified-image-grid\/timthumb.php?src=https%3A%2F%2Fwww.markterwirt.at%2Fwp-content%2Fuploads%2Frestaurant-altenmarkt-weinkeller-2-1024x683.jpg&amp;h=290&amp;q=90&amp;f=.jpg\" alt=\"Weinkeller in Altemarkt, Gw\u00f6lbl\" width=\"434\" height=\"290\" \/><\/a><p class=\"jig-HTMLdescription\">Weinkeller in Altemarkt, Gw\u00f6lbl<\/p><\/li><li><a href=\"https:\/\/www.markterwirt.at\/wp-content\/uploads\/restaurant-altenmarkt-gaststube-1-1024x683.jpg\"><img decoding=\"async\" src=\"https:\/\/www.markterwirt.at\/wp-content\/plugins\/justified-image-grid\/timthumb.php?src=https%3A%2F%2Fwww.markterwirt.at%2Fwp-content%2Fuploads%2Frestaurant-altenmarkt-gaststube-1-1024x683.jpg&amp;h=290&amp;q=90&amp;f=.jpg\" alt=\"Gaststube mit alter Kuchl - Restaurant in Altenmarkt\" width=\"434\" height=\"290\" \/><\/a><p class=\"jig-HTMLdescription\">Gaststube mit alter Kuchl - Restaurant in Altenmarkt<\/p><\/li><li><a href=\"https:\/\/www.markterwirt.at\/wp-content\/uploads\/restaurant-pizzeria-altenmarkt-1-1024x683.jpg\"><img decoding=\"async\" src=\"https:\/\/www.markterwirt.at\/wp-content\/plugins\/justified-image-grid\/timthumb.php?src=https%3A%2F%2Fwww.markterwirt.at%2Fwp-content%2Fuploads%2Frestaurant-pizzeria-altenmarkt-1-1024x683.jpg&amp;h=290&amp;q=90&amp;f=.jpg\" alt=\"Restaurant &amp; Pizzeria in Altemarkt, Gw\u00f6lbl\" width=\"434\" height=\"290\" \/><\/a><p class=\"jig-HTMLdescription\">Restaurant & Pizzeria in Altemarkt, Gw\u00f6lbl<\/p><\/li><li><a href=\"https:\/\/www.markterwirt.at\/wp-content\/uploads\/restaurant-gasthaus-alpenbierwirt-markterwirt-6-1024x597.jpg\"><img decoding=\"async\" src=\"https:\/\/www.markterwirt.at\/wp-content\/plugins\/justified-image-grid\/timthumb.php?src=https%3A%2F%2Fwww.markterwirt.at%2Fwp-content%2Fuploads%2Frestaurant-gasthaus-alpenbierwirt-markterwirt-6-1024x597.jpg&amp;h=290&amp;q=90&amp;f=.jpg\" alt=\"Restaurant - Gasthaus Markterwirt in Altenmarkt im Pongau\" width=\"497\" height=\"290\" \/><\/a><p class=\"jig-HTMLdescription\">Restaurant - Gasthaus Markterwirt in Altenmarkt im Pongau<\/p><\/li><li><a href=\"https:\/\/www.markterwirt.at\/wp-content\/uploads\/hotel-markterwirt-altenmarkt-zauchensee-gruppenreisen-busreisen-03-1024x683.jpg\"><img decoding=\"async\" src=\"https:\/\/www.markterwirt.at\/wp-content\/plugins\/justified-image-grid\/timthumb.php?src=https%3A%2F%2Fwww.markterwirt.at%2Fwp-content%2Fuploads%2Fhotel-markterwirt-altenmarkt-zauchensee-gruppenreisen-busreisen-03-1024x683.jpg&amp;h=290&amp;q=90&amp;f=.jpg\" alt=\"Reisegruppen &amp; Busgruppen - Markterwirt in Altenmarkt \/ Pongau\" width=\"434\" height=\"290\" \/><\/a><p class=\"jig-HTMLdescription\">Reisegruppen & Busgruppen - Markterwirt in Altenmarkt \/ Pongau<\/p><\/li><li><a href=\"https:\/\/www.markterwirt.at\/wp-content\/uploads\/kulinarik-inklusivleistungen-markterwirt-altenmarkt-zauchensee-15-1024x683.jpg\"><img decoding=\"async\" src=\"https:\/\/www.markterwirt.at\/wp-content\/plugins\/justified-image-grid\/timthumb.php?src=https%3A%2F%2Fwww.markterwirt.at%2Fwp-content%2Fuploads%2Fkulinarik-inklusivleistungen-markterwirt-altenmarkt-zauchensee-15-1024x683.jpg&amp;h=290&amp;q=90&amp;f=.jpg\" alt=\"Kulinarik &amp; Inklusivleistungen im 3 Sterne Hotel &amp; Gasthof Markterwirt in Altenmarkt-Zauchensee, Salzburger Land\" width=\"434\" height=\"290\" \/><\/a><p class=\"jig-HTMLdescription\">Kulinarik & Inklusivleistungen im 3 Sterne Hotel & Gasthof Markterwirt in Altenmarkt-Zauchensee, Salzburger Land<\/p><\/li><li><a href=\"https:\/\/www.markterwirt.at\/wp-content\/uploads\/kulinarik-inklusivleistungen-markterwirt-altenmarkt-zauchensee-14-1024x683.jpg\"><img decoding=\"async\" src=\"https:\/\/www.markterwirt.at\/wp-content\/plugins\/justified-image-grid\/timthumb.php?src=https%3A%2F%2Fwww.markterwirt.at%2Fwp-content%2Fuploads%2Fkulinarik-inklusivleistungen-markterwirt-altenmarkt-zauchensee-14-1024x683.jpg&amp;h=290&amp;q=90&amp;f=.jpg\" alt=\"Kulinarik &amp; Inklusivleistungen im 3 Sterne Hotel &amp; Gasthof Markterwirt in Altenmarkt-Zauchensee, Salzburger Land\" width=\"434\" height=\"290\" \/><\/a><p class=\"jig-HTMLdescription\">Kulinarik & Inklusivleistungen im 3 Sterne Hotel & Gasthof Markterwirt in Altenmarkt-Zauchensee, Salzburger Land<\/p><\/li><li><a href=\"https:\/\/www.markterwirt.at\/wp-content\/uploads\/hotel-markterwirt-zimmer-altenmarkt-2-1024x482.jpg\"><img decoding=\"async\" src=\"https:\/\/www.markterwirt.at\/wp-content\/plugins\/justified-image-grid\/timthumb.php?src=https%3A%2F%2Fwww.markterwirt.at%2Fwp-content%2Fuploads%2Fhotel-markterwirt-zimmer-altenmarkt-2-1024x482.jpg&amp;h=290&amp;q=90&amp;f=.jpg\" alt=\"Hotel &amp; Zimmer Markterwirt - Altenmarkt im Pongau\" width=\"616\" height=\"290\" \/><\/a><p class=\"jig-HTMLdescription\">Hotel & Zimmer Markterwirt - Altenmarkt im Pongau<\/p><\/li><li><a href=\"https:\/\/www.markterwirt.at\/wp-content\/uploads\/kulinarik-inklusivleistungen-markterwirt-altenmarkt-zauchensee-13-1024x683.jpg\"><img decoding=\"async\" src=\"https:\/\/www.markterwirt.at\/wp-content\/plugins\/justified-image-grid\/timthumb.php?src=https%3A%2F%2Fwww.markterwirt.at%2Fwp-content%2Fuploads%2Fkulinarik-inklusivleistungen-markterwirt-altenmarkt-zauchensee-13-1024x683.jpg&amp;h=290&amp;q=90&amp;f=.jpg\" alt=\"Kulinarik &amp; Inklusivleistungen im 3 Sterne Hotel &amp; Gasthof Markterwirt in Altenmarkt-Zauchensee, Salzburger Land\" width=\"434\" height=\"290\" \/><\/a><p class=\"jig-HTMLdescription\">Kulinarik & Inklusivleistungen im 3 Sterne Hotel & Gasthof Markterwirt in Altenmarkt-Zauchensee, Salzburger Land<\/p><\/li><li><a href=\"https:\/\/www.markterwirt.at\/wp-content\/uploads\/hotel-markterwirt-altenmarkt-zauchensee-gruppenreisen-busreisen-01-1024x683.jpg\"><img decoding=\"async\" src=\"https:\/\/www.markterwirt.at\/wp-content\/plugins\/justified-image-grid\/timthumb.php?src=https%3A%2F%2Fwww.markterwirt.at%2Fwp-content%2Fuploads%2Fhotel-markterwirt-altenmarkt-zauchensee-gruppenreisen-busreisen-01-1024x683.jpg&amp;h=290&amp;q=90&amp;f=.jpg\" alt=\"Reisegruppen &amp; Busgruppen - Markterwirt in Altenmarkt \/ Pongau\" width=\"434\" height=\"290\" \/><\/a><p class=\"jig-HTMLdescription\">Reisegruppen & Busgruppen - Markterwirt in Altenmarkt \/ Pongau<\/p><\/li><li><a href=\"https:\/\/www.markterwirt.at\/wp-content\/uploads\/kulinarik-inklusivleistungen-markterwirt-altenmarkt-zauchensee-01-1024x683.jpg\"><img decoding=\"async\" src=\"https:\/\/www.markterwirt.at\/wp-content\/plugins\/justified-image-grid\/timthumb.php?src=https%3A%2F%2Fwww.markterwirt.at%2Fwp-content%2Fuploads%2Fkulinarik-inklusivleistungen-markterwirt-altenmarkt-zauchensee-01-1024x683.jpg&amp;h=290&amp;q=90&amp;f=.jpg\" alt=\"Kulinarik &amp; Inklusivleistungen im 3 Sterne Hotel &amp; Gasthof Markterwirt in Altenmarkt-Zauchensee, Salzburger Land\" width=\"434\" height=\"290\" \/><\/a><p class=\"jig-HTMLdescription\">Kulinarik & Inklusivleistungen im 3 Sterne Hotel & Gasthof Markterwirt in Altenmarkt-Zauchensee, Salzburger Land<\/p><\/li><li><a href=\"https:\/\/www.markterwirt.at\/wp-content\/uploads\/hotel-gasthof-markterwirt-geschichte-4-1024x683.jpg\"><img decoding=\"async\" src=\"https:\/\/www.markterwirt.at\/wp-content\/plugins\/justified-image-grid\/timthumb.php?src=https%3A%2F%2Fwww.markterwirt.at%2Fwp-content%2Fuploads%2Fhotel-gasthof-markterwirt-geschichte-4-1024x683.jpg&amp;h=290&amp;q=90&amp;f=.jpg\" alt=\"Hotel &amp; Gasthof Markterwirt, Altenmarkt-Zauchensee\" width=\"434\" height=\"290\" \/><\/a><p class=\"jig-HTMLdescription\">Hotel & Gasthof Markterwirt, Altenmarkt-Zauchensee<\/p><\/li><\/ul><\/noscript><\/div>\n\n\t\t<\/div>\n\t<\/div>\n<\/div><\/div><\/div><\/div><\/div>[\/vc_column][\/vc_row][vc_row][vc_column]<div id=\"ult-easy-separator-310485887969f00cf4b7bf8\" class=\"ult-easy-separator-wrapper ult-responsive ult-top-easy-separator  \" style=\"\" data-vc-row=\"wpb_row\"  data-ultimate-target='#ult-easy-separator-310485887969f00cf4b7bf8'  data-responsive-json-new='{\"width\":\"\"}' ><div class=\"ult-easy-separator-inner-wrapper\"><div class=\"ult-no-animation\" style=\"opacity:0;\"   ><img decoding=\"async\" class=\"ult-easy-separator-img\" alt=\"Trennlinie\" src=\"https:\/\/www.markterwirt.at\/wp-content\/uploads\/separator.png\" \/><\/div><\/div><\/div>[\/vc_column][\/vc_row]<\/p>\n<\/div>","protected":false},"excerpt":{"rendered":"Impressions &amp; images 3 star Hotel &amp; Gasthof Markterwirt Weinkeller in Altemarkt, Gw\u00f6lblGasthaus, Alpenbierwirt Markterwirt in AltenmarktWeinkeller in Altemarkt, Gw\u00f6lblGaststube mit alter Kuchl - Restaurant in AltenmarktRestaurant & Pizzeria in Altemarkt, Gw\u00f6lblRestaurant - Gasthaus Markterwirt in Altenmarkt im PongauReisegruppen & Busgruppen - Markterwirt in Altenmarkt \/ PongauKulinarik & Inklusivleistungen im 3 Sterne Hotel & Gasthof &hellip;\n<p><a class=\"readmore btn btn-default btn-default btn-block\" href=\"https:\/\/www.markterwirt.at\/en\/hotel-altenmarkt\/360-images\/\">Read More<\/a><\/p>","protected":false},"author":1,"featured_media":0,"parent":1633,"menu_order":0,"comment_status":"closed","ping_status":"closed","template":"","meta":{"footnotes":""},"class_list":["post-1642","page","type-page","status-publish","hentry"],"_links":{"self":[{"href":"https:\/\/www.markterwirt.at\/en\/wp-json\/wp\/v2\/pages\/1642","targetHints":{"allow":["GET"]}}],"collection":[{"href":"https:\/\/www.markterwirt.at\/en\/wp-json\/wp\/v2\/pages"}],"about":[{"href":"https:\/\/www.markterwirt.at\/en\/wp-json\/wp\/v2\/types\/page"}],"author":[{"embeddable":true,"href":"https:\/\/www.markterwirt.at\/en\/wp-json\/wp\/v2\/users\/1"}],"replies":[{"embeddable":true,"href":"https:\/\/www.markterwirt.at\/en\/wp-json\/wp\/v2\/comments?post=1642"}],"version-history":[{"count":2,"href":"https:\/\/www.markterwirt.at\/en\/wp-json\/wp\/v2\/pages\/1642\/revisions"}],"predecessor-version":[{"id":1981,"href":"https:\/\/www.markterwirt.at\/en\/wp-json\/wp\/v2\/pages\/1642\/revisions\/1981"}],"up":[{"embeddable":true,"href":"https:\/\/www.markterwirt.at\/en\/wp-json\/wp\/v2\/pages\/1633"}],"wp:attachment":[{"href":"https:\/\/www.markterwirt.at\/en\/wp-json\/wp\/v2\/media?parent=1642"}],"curies":[{"name":"wp","href":"https:\/\/api.w.org\/{rel}","templated":true}]}}